{"id":643,"date":"2020-04-29T11:52:42","date_gmt":"2020-04-29T09:52:42","guid":{"rendered":"http:\/\/www.deison.net\/site\/?page_id=643"},"modified":"2020-04-29T11:53:21","modified_gmt":"2020-04-29T09:53:21","slug":"low-blood-pressure","status":"publish","type":"page","link":"https:\/\/www.deison.net\/index.php\/low-blood-pressure\/","title":{"rendered":"Low Blood Pressure"},"content":{"rendered":"\n<h2 class=\"has-text-align-right wp-block-heading\">DEISON\/MINGLE<\/h2>\n\n\n\n<h4 class=\"has-text-align-right wp-block-heading\">(CD-R, Final Muzik, 2014)<\/h4>\n\n\n\n<div class=\"wp-block-columns alignwide is-layout-flex wp-container-core-columns-is-layout-9d6595d7 wp-block-columns-is-layout-flex\">\n<div class=\"wp-block-column is-layout-flow wp-block-column-is-layout-flow\">\n<figure class=\"wp-block-image size-large\"><img fetchpriority=\"high\" decoding=\"async\" width=\"709\" height=\"709\" src=\"http:\/\/www.deison.net\/wp-content\/uploads\/2020\/04\/a1012591495_10.jpg\" alt=\"\" class=\"wp-image-100\" srcset=\"https:\/\/www.deison.net\/wp-content\/uploads\/2020\/04\/a1012591495_10.jpg 709w, https:\/\/www.deison.net\/wp-content\/uploads\/2020\/04\/a1012591495_10-300x300.jpg 300w, https:\/\/www.deison.net\/wp-content\/uploads\/2020\/04\/a1012591495_10-150x150.jpg 150w\" sizes=\"(max-width: 709px) 100vw, 709px\" \/><figcaption>DEISON\/MINGLE<\/figcaption><\/figure>\n\n\n\n<figure class=\"wp-block-image size-large\"><img decoding=\"async\" width=\"777\" height=\"632\" src=\"http:\/\/www.deison.net\/wp-content\/uploads\/2020\/04\/Deison-Mingle.jpg\" alt=\"\" class=\"wp-image-647\" srcset=\"https:\/\/www.deison.net\/wp-content\/uploads\/2020\/04\/Deison-Mingle.jpg 777w, https:\/\/www.deison.net\/wp-content\/uploads\/2020\/04\/Deison-Mingle-300x244.jpg 300w, https:\/\/www.deison.net\/wp-content\/uploads\/2020\/04\/Deison-Mingle-768x625.jpg 768w\" sizes=\"(max-width: 777px) 100vw, 777px\" \/><\/figure>\n\n\n\n<iframe style=\"border: 0; width: 100%; height: 120px;\" src=\"https:\/\/bandcamp.com\/EmbeddedPlayer\/album=1618799602\/size=large\/bgcol=ffffff\/linkcol=0687f5\/tracklist=false\/artwork=small\/transparent=true\/\" seamless><a href=\"http:\/\/deison.bandcamp.com\/album\/deison-mingle-low-blood-pressure\">Deison | Mingle-Low Blood Pressure by Deison | Mingle<\/a><\/iframe>\n\n\n\n<figure class=\"wp-block-embed-youtube wp-block-embed is-type-video is-provider-youtube wp-embed-aspect-16-9 wp-has-aspect-ratio wp-embed-aspect-4-3\"><div class=\"wp-block-embed__wrapper\">\n<div class=\"nv-iframe-embed\"><iframe title=\"Deison\/Mingle-Bloody Feelings\" width=\"1200\" height=\"900\" src=\"https:\/\/www.youtube.com\/embed\/0e752dJHVzI?feature=oembed\" frameborder=\"0\" allow=\"accelerometer; autoplay; encrypted-media; gyroscope; picture-in-picture\" allowfullscreen><\/iframe><\/div>\n<\/div><\/figure>\n<\/div>\n\n\n\n<div class=\"wp-block-column is-layout-flow wp-block-column-is-layout-flow\">\n<p>01. Intro (Blood:Breath)<br>02. Obliquity (featuring vocals by dANi\/ALvo)<br>03. Unanimated<br>04. Circles Of Red Drops<br>05. Bloody Feelings<\/p>\n\n\n\n<p>Collaboration CD featuring&nbsp;<strong>DEISON AND MINGLE&nbsp;<\/strong>out in February, 2014.<\/p>\n\n\n\n<p>&#8220;Low Blood Pressure&#8221; EP.&nbsp;<br><strong>Deison<\/strong>: Electronics, Processing&nbsp;<br><strong>Andrea Gastaldello (Mingle)<\/strong>: Piano, Electronics&nbsp;<br>Recorded, mixed and mastered between Mingle&#8217;s Tower Home Studio and Deison&#8217;s 1st Floor Studio Produce by Deison, Mingle and Final Muzik.&nbsp;<br>Second Final Muzik CD-Singles Club 02-2014&#8243; Split CD EP.&nbsp;<br>Strictly limited edition of 60 copies (not numbered), printed on professional silver CDr.<\/p>\n<\/div>\n<\/div>\n\n\n\n<hr class=\"wp-block-separator\"\/>\n\n\n\n<h4 class=\"wp-block-heading\">LOW BLOOD PRESSURE SU SODAPOP<\/h4>\n\n\n\n<p>P.S.: come abbiamo gi\u00e0 scritto, ormai parecchi anni fa Deison suonava&nbsp;<a href=\"http:\/\/www.thenewnoise.it\/teho-teardo\/\">assieme a uno<\/a>&nbsp;che travalica di molto i confini di questa webzine e che Di tutte le annunciate uscite del Singles Club della Final Muzik, questo Low Blood Pressure \u00e8 l&#8217;unica a non essere uno split bens\u00ec una collaborazione fra Deison e Mingle, vale a dire quell&#8217;Andrea Gastaldello che gi\u00e0 avevamo conosciuto nell&#8217;ottimo Dissangue insieme a Andrea Faccioli. Anche in questo caso, sebbene le coordinate siano affatto diverse, il connubio funziona a meraviglia.&nbsp;<br>Pochi minuti ma densissimi quelli che troviamo in questo EP in cui una certa disomogeneit\u00e0 stilistica \u00e8 ampiamente compensata dall&#8217;evidente urgenza che spinge a sperimentare soluzioni destinate ad essere sviluppate nel prosieguo della collaborazione fra i due. Dopo una breve introduzione, la disturbante Obliquity associa drone oscuri ai vocalizzi straniti di dANi\/ALvo e li taglia ogni tanto con battiti irregolari, \u00e8 poi la volta di Unanimated, piano minimale ed elettronica che duettano in un brano pregno di umori malsani e di attesa, accelerando sul finale incrociando ritmiche IDM e cadenze post industrial. Circle Of Red Drops, potentemente ritmica, fa categoria a s\u00e9, proponendo un dub elefantiaco come solo il sommo Kevin Martin avrebbe saputo concepire, ponendosi a met\u00e0 strada fra dancefloor e guerriglia urbana, mentre Bloody Feelings chiude il campionario con soundscapes lividi, animati da vibrazioni quasi glitch, clangori lontani e tocchi di piano malinconici. Davvero tanta roba e troppo poco tempo a disposizione, ma direi che come biglietto da visita possa bastare. Attendiamo fiduciosi le prossime mosse.<\/p>\n\n\n\n<p><a href=\"http:\/\/www.sodapop.it\/phnx\/deison-mingle-low-blood-pressure-final-muzik-cd-singles-club-02-final-muzik-2014\/\">(LINK)<\/a><\/p>\n\n\n\n<hr class=\"wp-block-separator\"\/>\n","protected":false},"excerpt":{"rendered":"<p>DEISON\/MINGLE (CD-R, Final Muzik, 2014) Deison | Mingle-Low Blood Pressure by Deison | Mingle 01. Intro (Blood:Breath)02. Obliquity (featuring vocals by dANi\/ALvo)03. Unanimated04. Circles Of Red Drops05. Bloody Feelings Collaboration CD featuring&nbsp;DEISON AND MINGLE&nbsp;out in February, 2014. &#8220;Low Blood Pressure&#8221; EP.&nbsp;Deison: Electronics, Processing&nbsp;Andrea Gastaldello (Mingle): Piano, Electronics&nbsp;Recorded, mixed and mastered between Mingle&#8217;s Tower Home Studio&hellip;&nbsp;<a href=\"https:\/\/www.deison.net\/index.php\/low-blood-pressure\/\" rel=\"bookmark\">Leggi tutto &raquo;<span class=\"screen-reader-text\">Low Blood Pressure<\/span><\/a><\/p>\n","protected":false},"author":2,"featured_media":0,"parent":0,"menu_order":0,"comment_status":"closed","ping_status":"closed","template":"","meta":{"neve_meta_sidebar":"","neve_meta_container":"","neve_meta_enable_content_width":"off","neve_meta_content_width":0,"neve_meta_title_alignment":"","neve_meta_author_avatar":"","neve_post_elements_order":"","neve_meta_disable_header":"","neve_meta_disable_footer":"","neve_meta_disable_title":"","_themeisle_gutenberg_block_has_review":false,"footnotes":""},"class_list":["post-643","page","type-page","status-publish","hentry"],"jetpack_sharing_enabled":true,"_links":{"self":[{"href":"https:\/\/www.deison.net\/index.php\/wp-json\/wp\/v2\/pages\/643","targetHints":{"allow":["GET"]}}],"collection":[{"href":"https:\/\/www.deison.net\/index.php\/wp-json\/wp\/v2\/pages"}],"about":[{"href":"https:\/\/www.deison.net\/index.php\/wp-json\/wp\/v2\/types\/page"}],"author":[{"embeddable":true,"href":"https:\/\/www.deison.net\/index.php\/wp-json\/wp\/v2\/users\/2"}],"replies":[{"embeddable":true,"href":"https:\/\/www.deison.net\/index.php\/wp-json\/wp\/v2\/comments?post=643"}],"version-history":[{"count":4,"href":"https:\/\/www.deison.net\/index.php\/wp-json\/wp\/v2\/pages\/643\/revisions"}],"predecessor-version":[{"id":649,"href":"https:\/\/www.deison.net\/index.php\/wp-json\/wp\/v2\/pages\/643\/revisions\/649"}],"wp:attachment":[{"href":"https:\/\/www.deison.net\/index.php\/wp-json\/wp\/v2\/media?parent=643"}],"curies":[{"name":"wp","href":"https:\/\/api.w.org\/{rel}","templated":true}]}}