{"id":53,"date":"2020-04-23T23:02:21","date_gmt":"2020-04-23T21:02:21","guid":{"rendered":"http:\/\/www.deison.net\/site\/?page_id=53"},"modified":"2025-07-18T15:11:49","modified_gmt":"2025-07-18T13:11:49","slug":"graphic-design","status":"publish","type":"page","link":"https:\/\/www.deison.net\/index.php\/graphic-design\/","title":{"rendered":"GRAPHIC DESIGN"},"content":{"rendered":"\n<p>Due to my (non professional) skills in graphic design and taste in visual aspect of music I\u2019m often involved in creating artworks for my audio works, for friends and various labels. Here you can find a small collection of my design works.<\/p>\n\n\n\n<p>If you need any help with your layout or to create a new graphic for your next release&#8230;just drop me a <a href=\"mailto:cris.deison@gmail.com\">line<\/a>.<\/p>\n\n\n\n<figure class=\"wp-block-gallery has-nested-images columns-2 is-cropped wp-block-gallery-1 is-layout-flex wp-block-gallery-is-layout-flex\">\n<figure class=\"wp-block-image size-large\"><a href=\"https:\/\/www.deison.net\/wp-content\/uploads\/2025\/07\/Deison-Cranioclast_front.png\"><img fetchpriority=\"high\" decoding=\"async\" width=\"1024\" height=\"989\" data-id=\"1764\" src=\"https:\/\/www.deison.net\/wp-content\/uploads\/2025\/07\/Deison-Cranioclast_front-1024x989.png\" alt=\"\" class=\"wp-image-1764\" srcset=\"https:\/\/www.deison.net\/wp-content\/uploads\/2025\/07\/Deison-Cranioclast_front-1024x989.png 1024w, https:\/\/www.deison.net\/wp-content\/uploads\/2025\/07\/Deison-Cranioclast_front-300x290.png 300w, https:\/\/www.deison.net\/wp-content\/uploads\/2025\/07\/Deison-Cranioclast_front-768x742.png 768w, https:\/\/www.deison.net\/wp-content\/uploads\/2025\/07\/Deison-Cranioclast_front.png 1449w\" sizes=\"(max-width: 1024px) 100vw, 1024px\" \/><\/a><figcaption class=\"wp-element-caption\">Design and Layout for DEISON CRANIOCLAST- Cold Star: a Noise Inc. (CD, 13, 2025)<\/figcaption><\/figure>\n\n\n\n<figure class=\"wp-block-image size-large\"><a href=\"https:\/\/www.deison.net\/wp-content\/uploads\/2022\/12\/Magnetic-Debris2.png\"><img decoding=\"async\" width=\"1024\" height=\"320\" data-id=\"1237\" src=\"https:\/\/www.deison.net\/wp-content\/uploads\/2022\/12\/Magnetic-Debris2-1024x320.png\" alt=\"\" class=\"wp-image-1237\" srcset=\"https:\/\/www.deison.net\/wp-content\/uploads\/2022\/12\/Magnetic-Debris2-1024x320.png 1024w, https:\/\/www.deison.net\/wp-content\/uploads\/2022\/12\/Magnetic-Debris2-300x94.png 300w, https:\/\/www.deison.net\/wp-content\/uploads\/2022\/12\/Magnetic-Debris2-768x240.png 768w, https:\/\/www.deison.net\/wp-content\/uploads\/2022\/12\/Magnetic-Debris2-1536x480.png 1536w, https:\/\/www.deison.net\/wp-content\/uploads\/2022\/12\/Magnetic-Debris2.png 1663w\" sizes=\"(max-width: 1024px) 100vw, 1024px\" \/><\/a><figcaption class=\"wp-element-caption\">Design and Layout for DEISON &#8211; Magnetic Debris vol. 1 &amp; 2  (CD, Dissipatio, 2021)<\/figcaption><\/figure>\n\n\n\n<figure class=\"wp-block-image size-large\"><a href=\"https:\/\/www.deison.net\/wp-content\/uploads\/2022\/12\/IMG_3121.jpg\"><img decoding=\"async\" width=\"1024\" height=\"819\" data-id=\"1232\" src=\"https:\/\/www.deison.net\/wp-content\/uploads\/2022\/12\/IMG_3121-1024x819.jpg\" alt=\"\" class=\"wp-image-1232\" srcset=\"https:\/\/www.deison.net\/wp-content\/uploads\/2022\/12\/IMG_3121-1024x819.jpg 1024w, https:\/\/www.deison.net\/wp-content\/uploads\/2022\/12\/IMG_3121-300x240.jpg 300w, https:\/\/www.deison.net\/wp-content\/uploads\/2022\/12\/IMG_3121-768x614.jpg 768w, https:\/\/www.deison.net\/wp-content\/uploads\/2022\/12\/IMG_3121-1536x1229.jpg 1536w, https:\/\/www.deison.net\/wp-content\/uploads\/2022\/12\/IMG_3121.jpg 2048w\" sizes=\"(max-width: 1024px) 100vw, 1024px\" \/><\/a><figcaption class=\"wp-element-caption\">Design and Layout for Bi NOSTALGIA\/A.F.CARONES- Le State d&#8217;Acqua (CD, Silentes, 2022)<\/figcaption><\/figure>\n\n\n\n<figure class=\"wp-block-image size-large\"><a href=\"https:\/\/www.deison.net\/wp-content\/uploads\/2020\/12\/IMG_8292-scaled.jpg\"><img loading=\"lazy\" decoding=\"async\" width=\"1024\" height=\"768\" data-id=\"900\" src=\"https:\/\/www.deison.net\/wp-content\/uploads\/2020\/12\/IMG_8292-1024x768.jpg\" alt=\"\" class=\"wp-image-900\" srcset=\"https:\/\/www.deison.net\/wp-content\/uploads\/2020\/12\/IMG_8292-1024x768.jpg 1024w, https:\/\/www.deison.net\/wp-content\/uploads\/2020\/12\/IMG_8292-300x225.jpg 300w, https:\/\/www.deison.net\/wp-content\/uploads\/2020\/12\/IMG_8292-768x576.jpg 768w, https:\/\/www.deison.net\/wp-content\/uploads\/2020\/12\/IMG_8292-1536x1152.jpg 1536w, https:\/\/www.deison.net\/wp-content\/uploads\/2020\/12\/IMG_8292-2048x1536.jpg 2048w\" sizes=\"(max-width: 1024px) 100vw, 1024px\" \/><\/a><figcaption class=\"wp-element-caption\">Design and Layout for DEISON \/ MAURIZIO BIANCHI &#8211; White Landscape (CD, Final Muzik, 2020)<\/figcaption><\/figure>\n\n\n\n<figure class=\"wp-block-image size-large\"><a href=\"https:\/\/www.deison.net\/wp-content\/uploads\/2021\/01\/Deison_substrata4a.jpg\"><img loading=\"lazy\" decoding=\"async\" width=\"591\" height=\"568\" data-id=\"925\" src=\"https:\/\/www.deison.net\/wp-content\/uploads\/2021\/01\/Deison_substrata4a.jpg\" alt=\"Deison - Substrata\" class=\"wp-image-925\" srcset=\"https:\/\/www.deison.net\/wp-content\/uploads\/2021\/01\/Deison_substrata4a.jpg 591w, https:\/\/www.deison.net\/wp-content\/uploads\/2021\/01\/Deison_substrata4a-300x288.jpg 300w\" sizes=\"(max-width: 591px) 100vw, 591px\" \/><\/a><figcaption class=\"wp-element-caption\">Design and Layout for DEISON -Substrata (10&#8243;, Drone Records, 2020)<\/figcaption><\/figure>\n\n\n\n<figure class=\"wp-block-image size-large\"><a href=\"https:\/\/www.deison.net\/wp-content\/uploads\/2020\/04\/3635C707-EB4C-400A-ACB5-00FECFF8E7CA.png\"><img loading=\"lazy\" decoding=\"async\" width=\"400\" height=\"400\" data-id=\"235\" src=\"https:\/\/www.deison.net\/wp-content\/uploads\/2020\/04\/3635C707-EB4C-400A-ACB5-00FECFF8E7CA.png\" alt=\"\" class=\"wp-image-235\" srcset=\"https:\/\/www.deison.net\/wp-content\/uploads\/2020\/04\/3635C707-EB4C-400A-ACB5-00FECFF8E7CA.png 400w, https:\/\/www.deison.net\/wp-content\/uploads\/2020\/04\/3635C707-EB4C-400A-ACB5-00FECFF8E7CA-300x300.png 300w, https:\/\/www.deison.net\/wp-content\/uploads\/2020\/04\/3635C707-EB4C-400A-ACB5-00FECFF8E7CA-150x150.png 150w\" sizes=\"(max-width: 400px) 100vw, 400px\" \/><\/a><figcaption class=\"wp-element-caption\">Layout for LIKE THE SNOW Like The Snow  (CD, st.an.da., 2020)<\/figcaption><\/figure>\n\n\n\n<figure class=\"wp-block-image size-large\"><a href=\"https:\/\/www.deison.net\/wp-content\/uploads\/2020\/04\/IMG_6544-scaled.jpg\"><img loading=\"lazy\" decoding=\"async\" width=\"1024\" height=\"768\" data-id=\"705\" src=\"https:\/\/www.deison.net\/wp-content\/uploads\/2020\/04\/IMG_6544-1024x768.jpg\" alt=\"\" class=\"wp-image-705\" srcset=\"https:\/\/www.deison.net\/wp-content\/uploads\/2020\/04\/IMG_6544-1024x768.jpg 1024w, https:\/\/www.deison.net\/wp-content\/uploads\/2020\/04\/IMG_6544-300x225.jpg 300w, https:\/\/www.deison.net\/wp-content\/uploads\/2020\/04\/IMG_6544-768x576.jpg 768w, https:\/\/www.deison.net\/wp-content\/uploads\/2020\/04\/IMG_6544-1536x1152.jpg 1536w, https:\/\/www.deison.net\/wp-content\/uploads\/2020\/04\/IMG_6544-2048x1536.jpg 2048w\" sizes=\"(max-width: 1024px) 100vw, 1024px\" \/><\/a><figcaption class=\"wp-element-caption\">Layout for LIKE THE SNOW Like The Snow  (CD, st.an.da., 2020)<\/figcaption><\/figure>\n\n\n\n<figure class=\"wp-block-image size-large\"><a href=\"https:\/\/www.deison.net\/wp-content\/uploads\/2020\/04\/IMG_6545.jpg\"><img loading=\"lazy\" decoding=\"async\" width=\"768\" height=\"1024\" data-id=\"710\" src=\"https:\/\/www.deison.net\/wp-content\/uploads\/2020\/04\/IMG_6545-768x1024.jpg\" alt=\"\" class=\"wp-image-710\" srcset=\"https:\/\/www.deison.net\/wp-content\/uploads\/2020\/04\/IMG_6545-768x1024.jpg 768w, https:\/\/www.deison.net\/wp-content\/uploads\/2020\/04\/IMG_6545-225x300.jpg 225w, https:\/\/www.deison.net\/wp-content\/uploads\/2020\/04\/IMG_6545-1152x1536.jpg 1152w, https:\/\/www.deison.net\/wp-content\/uploads\/2020\/04\/IMG_6545.jpg 1417w\" sizes=\"(max-width: 768px) 100vw, 768px\" \/><\/a><figcaption class=\"wp-element-caption\">Layout for LULLABIER Mono\/Stereo (CD, st.an.da., 2020)<\/figcaption><\/figure>\n\n\n\n<figure class=\"wp-block-image size-large\"><a href=\"https:\/\/www.deison.net\/wp-content\/uploads\/2020\/04\/IMG_6546-1.jpg\"><img loading=\"lazy\" decoding=\"async\" width=\"1024\" height=\"739\" data-id=\"711\" src=\"https:\/\/www.deison.net\/wp-content\/uploads\/2020\/04\/IMG_6546-1-1024x739.jpg\" alt=\"\" class=\"wp-image-711\" srcset=\"https:\/\/www.deison.net\/wp-content\/uploads\/2020\/04\/IMG_6546-1-1024x739.jpg 1024w, https:\/\/www.deison.net\/wp-content\/uploads\/2020\/04\/IMG_6546-1-300x216.jpg 300w, https:\/\/www.deison.net\/wp-content\/uploads\/2020\/04\/IMG_6546-1-768x554.jpg 768w, https:\/\/www.deison.net\/wp-content\/uploads\/2020\/04\/IMG_6546-1.jpg 1417w\" sizes=\"(max-width: 1024px) 100vw, 1024px\" \/><\/a><figcaption class=\"wp-element-caption\">Layout for LULLABIER Mono\/Stereo (CD, st.an.da., 2020)<\/figcaption><\/figure>\n\n\n\n<figure class=\"wp-block-image size-large\"><a href=\"https:\/\/www.deison.net\/wp-content\/uploads\/2020\/04\/A8A2D9D2-3765-49A3-8058-380735D2CEB1.png\"><img loading=\"lazy\" decoding=\"async\" width=\"400\" height=\"400\" data-id=\"237\" src=\"https:\/\/www.deison.net\/wp-content\/uploads\/2020\/04\/A8A2D9D2-3765-49A3-8058-380735D2CEB1.png\" alt=\"\" class=\"wp-image-237\" srcset=\"https:\/\/www.deison.net\/wp-content\/uploads\/2020\/04\/A8A2D9D2-3765-49A3-8058-380735D2CEB1.png 400w, https:\/\/www.deison.net\/wp-content\/uploads\/2020\/04\/A8A2D9D2-3765-49A3-8058-380735D2CEB1-300x300.png 300w, https:\/\/www.deison.net\/wp-content\/uploads\/2020\/04\/A8A2D9D2-3765-49A3-8058-380735D2CEB1-150x150.png 150w\" sizes=\"(max-width: 400px) 100vw, 400px\" \/><\/a><figcaption class=\"wp-element-caption\">Design and Layout for LISFRANK The Human  (CD, st.an.da., 2020)<\/figcaption><\/figure>\n\n\n\n<figure class=\"wp-block-image size-large\"><a href=\"https:\/\/www.deison.net\/wp-content\/uploads\/2020\/04\/2ACA6869-97F9-4720-94E7-E6E2FF51FB64.png\"><img loading=\"lazy\" decoding=\"async\" width=\"400\" height=\"360\" data-id=\"238\" src=\"https:\/\/www.deison.net\/wp-content\/uploads\/2020\/04\/2ACA6869-97F9-4720-94E7-E6E2FF51FB64.png\" alt=\"\" class=\"wp-image-238\" srcset=\"https:\/\/www.deison.net\/wp-content\/uploads\/2020\/04\/2ACA6869-97F9-4720-94E7-E6E2FF51FB64.png 400w, https:\/\/www.deison.net\/wp-content\/uploads\/2020\/04\/2ACA6869-97F9-4720-94E7-E6E2FF51FB64-300x270.png 300w\" sizes=\"(max-width: 400px) 100vw, 400px\" \/><\/a><figcaption class=\"wp-element-caption\">Layout for FABIO ORSI Tre giorni e un mattino d&#8217;estate (CD, st.an.da., 2019)<\/figcaption><\/figure>\n\n\n\n<figure class=\"wp-block-image size-large\"><a href=\"https:\/\/www.deison.net\/wp-content\/uploads\/2020\/04\/D9739F92-51A1-4740-901E-635562F27FF0.png\"><img loading=\"lazy\" decoding=\"async\" width=\"400\" height=\"400\" data-id=\"240\" src=\"https:\/\/www.deison.net\/wp-content\/uploads\/2020\/04\/D9739F92-51A1-4740-901E-635562F27FF0.png\" alt=\"\" class=\"wp-image-240\" srcset=\"https:\/\/www.deison.net\/wp-content\/uploads\/2020\/04\/D9739F92-51A1-4740-901E-635562F27FF0.png 400w, https:\/\/www.deison.net\/wp-content\/uploads\/2020\/04\/D9739F92-51A1-4740-901E-635562F27FF0-300x300.png 300w, https:\/\/www.deison.net\/wp-content\/uploads\/2020\/04\/D9739F92-51A1-4740-901E-635562F27FF0-150x150.png 150w\" sizes=\"(max-width: 400px) 100vw, 400px\" \/><\/a><figcaption class=\"wp-element-caption\">Layout for GIANLUCA BECUZZI The Bunker Years (2006\/2014) (CD, st.an.da., 2019)<\/figcaption><\/figure>\n\n\n\n<figure class=\"wp-block-image size-large\"><a href=\"https:\/\/www.deison.net\/wp-content\/uploads\/2020\/04\/CCB60406-F068-4BB1-A94F-16EE28C20621.jpeg\"><img loading=\"lazy\" decoding=\"async\" width=\"640\" height=\"640\" data-id=\"244\" src=\"https:\/\/www.deison.net\/wp-content\/uploads\/2020\/04\/CCB60406-F068-4BB1-A94F-16EE28C20621.jpeg\" alt=\"\" class=\"wp-image-244\" srcset=\"https:\/\/www.deison.net\/wp-content\/uploads\/2020\/04\/CCB60406-F068-4BB1-A94F-16EE28C20621.jpeg 640w, https:\/\/www.deison.net\/wp-content\/uploads\/2020\/04\/CCB60406-F068-4BB1-A94F-16EE28C20621-300x300.jpeg 300w, https:\/\/www.deison.net\/wp-content\/uploads\/2020\/04\/CCB60406-F068-4BB1-A94F-16EE28C20621-150x150.jpeg 150w\" sizes=\"(max-width: 640px) 100vw, 640px\" \/><\/a><figcaption class=\"wp-element-caption\">Design and Layout for MASSIMO TONIUTTI Variation S\u00e9culaire G\u00e9omagn\u00e9tique (CD, Klangalerie, 2019)<\/figcaption><\/figure>\n\n\n\n<figure class=\"wp-block-image size-large\"><a href=\"https:\/\/www.deison.net\/wp-content\/uploads\/2020\/04\/8341428A-71DD-44D2-9689-C147A287BE80.jpeg\"><img loading=\"lazy\" decoding=\"async\" width=\"600\" height=\"654\" data-id=\"249\" src=\"https:\/\/www.deison.net\/wp-content\/uploads\/2020\/04\/8341428A-71DD-44D2-9689-C147A287BE80.jpeg\" alt=\"\" class=\"wp-image-249\" srcset=\"https:\/\/www.deison.net\/wp-content\/uploads\/2020\/04\/8341428A-71DD-44D2-9689-C147A287BE80.jpeg 600w, https:\/\/www.deison.net\/wp-content\/uploads\/2020\/04\/8341428A-71DD-44D2-9689-C147A287BE80-275x300.jpeg 275w\" sizes=\"(max-width: 600px) 100vw, 600px\" \/><\/a><figcaption class=\"wp-element-caption\">Design and Layout for THE DOUBLING RIDERS The World of the Doubling Riders (6CD Box, Spittle, 2019)<\/figcaption><\/figure>\n\n\n\n<figure class=\"wp-block-image size-large\"><a href=\"https:\/\/www.deison.net\/wp-content\/uploads\/2020\/04\/candor4.jpg\"><img loading=\"lazy\" decoding=\"async\" width=\"768\" height=\"1024\" data-id=\"264\" src=\"https:\/\/www.deison.net\/wp-content\/uploads\/2020\/04\/candor4-768x1024.jpg\" alt=\"\" class=\"wp-image-264\" srcset=\"https:\/\/www.deison.net\/wp-content\/uploads\/2020\/04\/candor4-768x1024.jpg 768w, https:\/\/www.deison.net\/wp-content\/uploads\/2020\/04\/candor4-225x300.jpg 225w, https:\/\/www.deison.net\/wp-content\/uploads\/2020\/04\/candor4-1152x1536.jpg 1152w, https:\/\/www.deison.net\/wp-content\/uploads\/2020\/04\/candor4.jpg 1417w\" sizes=\"(max-width: 768px) 100vw, 768px\" \/><\/a><figcaption class=\"wp-element-caption\">Design and Layout for CANDOR CHASMA Antimatter Circles (CD, Show Me Your Wounds, 2013)<\/figcaption><\/figure>\n\n\n\n<figure class=\"wp-block-image size-large\"><a href=\"https:\/\/www.deison.net\/wp-content\/uploads\/2020\/04\/candor1.jpg\"><img loading=\"lazy\" decoding=\"async\" width=\"1024\" height=\"768\" data-id=\"263\" src=\"https:\/\/www.deison.net\/wp-content\/uploads\/2020\/04\/candor1-1024x768.jpg\" alt=\"\" class=\"wp-image-263\" srcset=\"https:\/\/www.deison.net\/wp-content\/uploads\/2020\/04\/candor1-1024x768.jpg 1024w, https:\/\/www.deison.net\/wp-content\/uploads\/2020\/04\/candor1-300x225.jpg 300w, https:\/\/www.deison.net\/wp-content\/uploads\/2020\/04\/candor1-768x576.jpg 768w, https:\/\/www.deison.net\/wp-content\/uploads\/2020\/04\/candor1.jpg 1417w\" sizes=\"(max-width: 1024px) 100vw, 1024px\" \/><\/a><figcaption class=\"wp-element-caption\">Design and Layout for CANDOR CHASMA Antimatter Circles (CD, Show Me Your Wounds, 2013)<\/figcaption><\/figure>\n\n\n\n<figure class=\"wp-block-image size-large\"><a href=\"https:\/\/www.deison.net\/wp-content\/uploads\/2020\/04\/0009905639_10.jpg\"><img loading=\"lazy\" decoding=\"async\" width=\"1024\" height=\"768\" data-id=\"271\" src=\"https:\/\/www.deison.net\/wp-content\/uploads\/2020\/04\/0009905639_10-1024x768.jpg\" alt=\"\" class=\"wp-image-271\" srcset=\"https:\/\/www.deison.net\/wp-content\/uploads\/2020\/04\/0009905639_10-1024x768.jpg 1024w, https:\/\/www.deison.net\/wp-content\/uploads\/2020\/04\/0009905639_10-300x225.jpg 300w, https:\/\/www.deison.net\/wp-content\/uploads\/2020\/04\/0009905639_10-768x576.jpg 768w, https:\/\/www.deison.net\/wp-content\/uploads\/2020\/04\/0009905639_10.jpg 1200w\" sizes=\"(max-width: 1024px) 100vw, 1024px\" \/><\/a><figcaption class=\"wp-element-caption\">Design and Layout for DEISON &amp; MINGLE Innersurface (CD, st.an.da., 2017)<\/figcaption><\/figure>\n\n\n\n<figure class=\"wp-block-image size-large\"><a href=\"https:\/\/www.deison.net\/wp-content\/uploads\/2020\/04\/0009905651_10.jpg\"><img loading=\"lazy\" decoding=\"async\" width=\"1024\" height=\"768\" data-id=\"272\" src=\"https:\/\/www.deison.net\/wp-content\/uploads\/2020\/04\/0009905651_10-1024x768.jpg\" alt=\"\" class=\"wp-image-272\" srcset=\"https:\/\/www.deison.net\/wp-content\/uploads\/2020\/04\/0009905651_10-1024x768.jpg 1024w, https:\/\/www.deison.net\/wp-content\/uploads\/2020\/04\/0009905651_10-300x225.jpg 300w, https:\/\/www.deison.net\/wp-content\/uploads\/2020\/04\/0009905651_10-768x576.jpg 768w, https:\/\/www.deison.net\/wp-content\/uploads\/2020\/04\/0009905651_10.jpg 1200w\" sizes=\"(max-width: 1024px) 100vw, 1024px\" \/><\/a><figcaption class=\"wp-element-caption\">Design and Layout for DEISON &amp; MINGLE Innersurface (CD, st.an.da., 2017)<\/figcaption><\/figure>\n\n\n\n<figure class=\"wp-block-image size-large\"><a href=\"https:\/\/www.deison.net\/wp-content\/uploads\/2020\/04\/R-14048855-1566824815-1472.jpeg\"><img loading=\"lazy\" decoding=\"async\" width=\"599\" height=\"622\" data-id=\"280\" src=\"https:\/\/www.deison.net\/wp-content\/uploads\/2020\/04\/R-14048855-1566824815-1472.jpeg\" alt=\"\" class=\"wp-image-280\" srcset=\"https:\/\/www.deison.net\/wp-content\/uploads\/2020\/04\/R-14048855-1566824815-1472.jpeg 599w, https:\/\/www.deison.net\/wp-content\/uploads\/2020\/04\/R-14048855-1566824815-1472-289x300.jpeg 289w\" sizes=\"(max-width: 599px) 100vw, 599px\" \/><\/a><figcaption class=\"wp-element-caption\">Layout for FABIO ORSI  Forse arrivi (10&#8243;, st.an.da. 2019 )<\/figcaption><\/figure>\n\n\n\n<figure class=\"wp-block-image size-large\"><a href=\"https:\/\/www.deison.net\/wp-content\/uploads\/2020\/04\/tiliaventum2.jpg\"><img loading=\"lazy\" decoding=\"async\" width=\"992\" height=\"744\" data-id=\"339\" src=\"https:\/\/www.deison.net\/wp-content\/uploads\/2020\/04\/tiliaventum2.jpg\" alt=\"\" class=\"wp-image-339\" srcset=\"https:\/\/www.deison.net\/wp-content\/uploads\/2020\/04\/tiliaventum2.jpg 992w, https:\/\/www.deison.net\/wp-content\/uploads\/2020\/04\/tiliaventum2-300x225.jpg 300w, https:\/\/www.deison.net\/wp-content\/uploads\/2020\/04\/tiliaventum2-768x576.jpg 768w\" sizes=\"(max-width: 992px) 100vw, 992px\" \/><\/a><figcaption class=\"wp-element-caption\">Art direction for DEISON \/ MINGLE &#8211; Tiliaventum (Box CD+16 pages booklet, Loud!\/Final Muzik, 2017)<\/figcaption><\/figure>\n\n\n\n<figure class=\"wp-block-image size-large\"><a href=\"https:\/\/www.deison.net\/wp-content\/uploads\/2020\/04\/wl_03.jpg\"><img loading=\"lazy\" decoding=\"async\" width=\"1024\" height=\"768\" data-id=\"345\" src=\"https:\/\/www.deison.net\/wp-content\/uploads\/2020\/04\/wl_03-1024x768.jpg\" alt=\"\" class=\"wp-image-345\" srcset=\"https:\/\/www.deison.net\/wp-content\/uploads\/2020\/04\/wl_03-1024x768.jpg 1024w, https:\/\/www.deison.net\/wp-content\/uploads\/2020\/04\/wl_03-300x225.jpg 300w, https:\/\/www.deison.net\/wp-content\/uploads\/2020\/04\/wl_03-768x576.jpg 768w, https:\/\/www.deison.net\/wp-content\/uploads\/2020\/04\/wl_03.jpg 1417w\" sizes=\"(max-width: 1024px) 100vw, 1024px\" \/><\/a><figcaption class=\"wp-element-caption\">Design and Layout for Deison | Mingle \u200e\u2013 Weak Life (CD, Aagoo Records ,2015)<\/figcaption><\/figure>\n\n\n\n<figure class=\"wp-block-image size-large\"><a href=\"https:\/\/www.deison.net\/wp-content\/uploads\/2020\/04\/WL_02.jpg\"><img loading=\"lazy\" decoding=\"async\" width=\"1024\" height=\"768\" data-id=\"344\" src=\"https:\/\/www.deison.net\/wp-content\/uploads\/2020\/04\/WL_02-1024x768.jpg\" alt=\"\" class=\"wp-image-344\" srcset=\"https:\/\/www.deison.net\/wp-content\/uploads\/2020\/04\/WL_02-1024x768.jpg 1024w, https:\/\/www.deison.net\/wp-content\/uploads\/2020\/04\/WL_02-300x225.jpg 300w, https:\/\/www.deison.net\/wp-content\/uploads\/2020\/04\/WL_02-768x576.jpg 768w, https:\/\/www.deison.net\/wp-content\/uploads\/2020\/04\/WL_02.jpg 1417w\" sizes=\"(max-width: 1024px) 100vw, 1024px\" \/><\/a><figcaption class=\"wp-element-caption\">Design and Layout for Deison | Mingle \u200e\u2013 Weak Life (CD, Aagoo Records ,2015)<\/figcaption><\/figure>\n\n\n\n<figure class=\"wp-block-image size-large\"><a href=\"https:\/\/www.deison.net\/wp-content\/uploads\/2020\/04\/ca4.jpg\"><img loading=\"lazy\" decoding=\"async\" width=\"527\" height=\"395\" data-id=\"348\" src=\"https:\/\/www.deison.net\/wp-content\/uploads\/2020\/04\/ca4.jpg\" alt=\"\" class=\"wp-image-348\" srcset=\"https:\/\/www.deison.net\/wp-content\/uploads\/2020\/04\/ca4.jpg 527w, https:\/\/www.deison.net\/wp-content\/uploads\/2020\/04\/ca4-300x225.jpg 300w\" sizes=\"(max-width: 527px) 100vw, 527px\" \/><\/a><figcaption class=\"wp-element-caption\">Design and layout for CYCLIC AMP &#8211; Shrapnel In The Toyshop (2CD, FinalMuzik, 2015)<\/figcaption><\/figure>\n\n\n\n<figure class=\"wp-block-image size-large\"><a href=\"https:\/\/www.deison.net\/wp-content\/uploads\/2020\/04\/ca1.jpg\"><img loading=\"lazy\" decoding=\"async\" width=\"540\" height=\"395\" data-id=\"347\" src=\"https:\/\/www.deison.net\/wp-content\/uploads\/2020\/04\/ca1.jpg\" alt=\"\" class=\"wp-image-347\" srcset=\"https:\/\/www.deison.net\/wp-content\/uploads\/2020\/04\/ca1.jpg 540w, https:\/\/www.deison.net\/wp-content\/uploads\/2020\/04\/ca1-300x219.jpg 300w\" sizes=\"(max-width: 540px) 100vw, 540px\" \/><\/a><figcaption class=\"wp-element-caption\">Design and layout for CYCLIC AMP &#8211; Shrapnel In The Toyshop (2CD, FinalMuzik, 2015)<\/figcaption><\/figure>\n\n\n\n<figure class=\"wp-block-image size-large\"><a href=\"https:\/\/www.deison.net\/wp-content\/uploads\/2020\/04\/mutazioni1-copia.jpg\"><img loading=\"lazy\" decoding=\"async\" width=\"768\" height=\"1024\" data-id=\"454\" src=\"https:\/\/www.deison.net\/wp-content\/uploads\/2020\/04\/mutazioni1-copia-768x1024.jpg\" alt=\"\" class=\"wp-image-454\" srcset=\"https:\/\/www.deison.net\/wp-content\/uploads\/2020\/04\/mutazioni1-copia-768x1024.jpg 768w, https:\/\/www.deison.net\/wp-content\/uploads\/2020\/04\/mutazioni1-copia-225x300.jpg 225w, https:\/\/www.deison.net\/wp-content\/uploads\/2020\/04\/mutazioni1-copia.jpg 1134w\" sizes=\"(max-width: 768px) 100vw, 768px\" \/><\/a><figcaption class=\"wp-element-caption\">Design and layout for DEISON &#8211; Mutazioni (tape, Dokuro, 2015)<\/figcaption><\/figure>\n\n\n\n<figure class=\"wp-block-image size-large\"><a href=\"https:\/\/www.deison.net\/wp-content\/uploads\/2020\/04\/BlackPanorama2-scaled.jpg\"><img loading=\"lazy\" decoding=\"async\" width=\"1024\" height=\"768\" data-id=\"510\" src=\"https:\/\/www.deison.net\/wp-content\/uploads\/2020\/04\/BlackPanorama2-1024x768.jpg\" alt=\"\" class=\"wp-image-510\" srcset=\"https:\/\/www.deison.net\/wp-content\/uploads\/2020\/04\/BlackPanorama2-1024x768.jpg 1024w, https:\/\/www.deison.net\/wp-content\/uploads\/2020\/04\/BlackPanorama2-300x225.jpg 300w, https:\/\/www.deison.net\/wp-content\/uploads\/2020\/04\/BlackPanorama2-768x576.jpg 768w, https:\/\/www.deison.net\/wp-content\/uploads\/2020\/04\/BlackPanorama2-1536x1152.jpg 1536w, https:\/\/www.deison.net\/wp-content\/uploads\/2020\/04\/BlackPanorama2-2048x1536.jpg 2048w\" sizes=\"(max-width: 1024px) 100vw, 1024px\" \/><\/a><figcaption class=\"wp-element-caption\">Design and layout for DEISON &#8211; Black Panorama (CD, Final Muzik, 2015)<\/figcaption><\/figure>\n\n\n\n<figure class=\"wp-block-image size-large\"><a href=\"https:\/\/www.deison.net\/wp-content\/uploads\/2020\/04\/IMG_9955-1.jpeg\"><img loading=\"lazy\" decoding=\"async\" width=\"1024\" height=\"768\" data-id=\"512\" src=\"https:\/\/www.deison.net\/wp-content\/uploads\/2020\/04\/IMG_9955-1-1024x768.jpeg\" alt=\"\" class=\"wp-image-512\" srcset=\"https:\/\/www.deison.net\/wp-content\/uploads\/2020\/04\/IMG_9955-1-1024x768.jpeg 1024w, https:\/\/www.deison.net\/wp-content\/uploads\/2020\/04\/IMG_9955-1-300x225.jpeg 300w, https:\/\/www.deison.net\/wp-content\/uploads\/2020\/04\/IMG_9955-1-768x576.jpeg 768w, https:\/\/www.deison.net\/wp-content\/uploads\/2020\/04\/IMG_9955-1-1536x1152.jpeg 1536w, https:\/\/www.deison.net\/wp-content\/uploads\/2020\/04\/IMG_9955-1.jpeg 2048w\" sizes=\"(max-width: 1024px) 100vw, 1024px\" \/><\/a><figcaption class=\"wp-element-caption\">Design and layout for DEAD PIANO (CD, st.an.da. 2028)<\/figcaption><\/figure>\n\n\n\n<figure class=\"wp-block-image size-large\"><a href=\"https:\/\/www.deison.net\/wp-content\/uploads\/2020\/04\/IMG_9951.jpeg\"><img loading=\"lazy\" decoding=\"async\" width=\"1024\" height=\"768\" data-id=\"514\" src=\"https:\/\/www.deison.net\/wp-content\/uploads\/2020\/04\/IMG_9951-1024x768.jpeg\" alt=\"\" class=\"wp-image-514\" srcset=\"https:\/\/www.deison.net\/wp-content\/uploads\/2020\/04\/IMG_9951-1024x768.jpeg 1024w, https:\/\/www.deison.net\/wp-content\/uploads\/2020\/04\/IMG_9951-300x225.jpeg 300w, https:\/\/www.deison.net\/wp-content\/uploads\/2020\/04\/IMG_9951-768x576.jpeg 768w, https:\/\/www.deison.net\/wp-content\/uploads\/2020\/04\/IMG_9951-1536x1152.jpeg 1536w, https:\/\/www.deison.net\/wp-content\/uploads\/2020\/04\/IMG_9951.jpeg 2048w\" sizes=\"(max-width: 1024px) 100vw, 1024px\" \/><\/a><figcaption class=\"wp-element-caption\">Design and layout for DEAD PIANO (CD, st.an.da. 2028)<\/figcaption><\/figure>\n<\/figure>\n\n\n\n<p><\/p>\n","protected":false},"excerpt":{"rendered":"<p>Due to my (non professional) skills in graphic design and taste in visual aspect of music I\u2019m often involved in creating artworks for my audio works, for friends and various labels. Here you can find a small collection of my design works. If you need any help with your layout or to create a new&hellip;&nbsp;<a href=\"https:\/\/www.deison.net\/index.php\/graphic-design\/\" rel=\"bookmark\">Leggi tutto &raquo;<span class=\"screen-reader-text\">GRAPHIC DESIGN<\/span><\/a><\/p>\n","protected":false},"author":2,"featured_media":0,"parent":0,"menu_order":0,"comment_status":"closed","ping_status":"closed","template":"","meta":{"neve_meta_sidebar":"","neve_meta_container":"","neve_meta_enable_content_width":"off","neve_meta_content_width":0,"neve_meta_title_alignment":"","neve_meta_author_avatar":"","neve_post_elements_order":"","neve_meta_disable_header":"","neve_meta_disable_footer":"","neve_meta_disable_title":"","_themeisle_gutenberg_block_has_review":false,"footnotes":""},"class_list":["post-53","page","type-page","status-publish","hentry"],"jetpack_sharing_enabled":true,"_links":{"self":[{"href":"https:\/\/www.deison.net\/index.php\/wp-json\/wp\/v2\/pages\/53","targetHints":{"allow":["GET"]}}],"collection":[{"href":"https:\/\/www.deison.net\/index.php\/wp-json\/wp\/v2\/pages"}],"about":[{"href":"https:\/\/www.deison.net\/index.php\/wp-json\/wp\/v2\/types\/page"}],"author":[{"embeddable":true,"href":"https:\/\/www.deison.net\/index.php\/wp-json\/wp\/v2\/users\/2"}],"replies":[{"embeddable":true,"href":"https:\/\/www.deison.net\/index.php\/wp-json\/wp\/v2\/comments?post=53"}],"version-history":[{"count":53,"href":"https:\/\/www.deison.net\/index.php\/wp-json\/wp\/v2\/pages\/53\/revisions"}],"predecessor-version":[{"id":1766,"href":"https:\/\/www.deison.net\/index.php\/wp-json\/wp\/v2\/pages\/53\/revisions\/1766"}],"wp:attachment":[{"href":"https:\/\/www.deison.net\/index.php\/wp-json\/wp\/v2\/media?parent=53"}],"curies":[{"name":"wp","href":"https:\/\/api.w.org\/{rel}","templated":true}]}}