{"id":361,"date":"2020-04-25T15:55:34","date_gmt":"2020-04-25T13:55:34","guid":{"rendered":"http:\/\/www.deison.net\/site\/?page_id=361"},"modified":"2020-04-29T11:24:05","modified_gmt":"2020-04-29T09:24:05","slug":"dead-piano","status":"publish","type":"page","link":"https:\/\/www.deison.net\/index.php\/dead-piano\/","title":{"rendered":"Dead Piano"},"content":{"rendered":"\n<h2 class=\"has-text-align-right wp-block-heading\">DEAD PIANO<\/h2>\n\n\n\n<h4 class=\"has-text-align-right wp-block-heading\">(CD, st.an.da., 2018)<\/h4>\n\n\n\n<div class=\"wp-block-columns alignwide is-layout-flex wp-container-core-columns-is-layout-9d6595d7 wp-block-columns-is-layout-flex\">\n<div class=\"wp-block-column is-layout-flow wp-block-column-is-layout-flow\">\n<div class=\"wp-block-image\"><figure class=\"alignleft size-large\"><img fetchpriority=\"high\" decoding=\"async\" width=\"1021\" height=\"1024\" src=\"http:\/\/www.deison.net\/wp-content\/uploads\/2020\/04\/a2646225935_10-1021x1024.jpg\" alt=\"\" class=\"wp-image-84\" srcset=\"https:\/\/www.deison.net\/wp-content\/uploads\/2020\/04\/a2646225935_10-1021x1024.jpg 1021w, https:\/\/www.deison.net\/wp-content\/uploads\/2020\/04\/a2646225935_10-300x300.jpg 300w, https:\/\/www.deison.net\/wp-content\/uploads\/2020\/04\/a2646225935_10-150x150.jpg 150w, https:\/\/www.deison.net\/wp-content\/uploads\/2020\/04\/a2646225935_10-768x770.jpg 768w, https:\/\/www.deison.net\/wp-content\/uploads\/2020\/04\/a2646225935_10.jpg 1197w\" sizes=\"(max-width: 1021px) 100vw, 1021px\" \/><\/figure><\/div>\n\n\n\n<iframe style=\"border: 0; width: 100%; height: 120px;\" src=\"https:\/\/bandcamp.com\/EmbeddedPlayer\/album=1942181751\/size=large\/bgcol=ffffff\/linkcol=0687f5\/tracklist=false\/artwork=small\/transparent=true\/\" seamless><a href=\"http:\/\/deison.bandcamp.com\/album\/dead-piano\">Dead Piano by Deison | Bellucci<\/a><\/iframe>\n\n\n\n<figure class=\"wp-block-image size-large is-resized\"><img decoding=\"async\" src=\"http:\/\/www.deison.net\/wp-content\/uploads\/2020\/04\/IMG_9955-1024x768.jpeg\" alt=\"\" class=\"wp-image-362\" width=\"512\" height=\"384\" srcset=\"https:\/\/www.deison.net\/wp-content\/uploads\/2020\/04\/IMG_9955-1024x768.jpeg 1024w, https:\/\/www.deison.net\/wp-content\/uploads\/2020\/04\/IMG_9955-300x225.jpeg 300w, https:\/\/www.deison.net\/wp-content\/uploads\/2020\/04\/IMG_9955-768x576.jpeg 768w, https:\/\/www.deison.net\/wp-content\/uploads\/2020\/04\/IMG_9955-1536x1152.jpeg 1536w, https:\/\/www.deison.net\/wp-content\/uploads\/2020\/04\/IMG_9955.jpeg 2048w\" sizes=\"(max-width: 512px) 100vw, 512px\" \/><\/figure>\n<\/div>\n\n\n\n<div class=\"wp-block-column is-layout-flow wp-block-column-is-layout-flow\">\n<p>01. Linear Cascade&nbsp;<br>02. Talking Light&nbsp;<br>03. The Third Escape&nbsp;<br>04. Onde Accordanti&nbsp;<br>05. Tonale Sostenuto&nbsp;<br>06. The Place I was <\/p>\n\n\n\n<p>The idea of <strong>&#8220;DEAD PIANO&#8221;<\/strong> was born from the intention of using the sound of the piano in a different context, compared to what we are used to listen. Can this instrument become a different &#8216;sound generator&#8217;? Beyond what has been done in the past, when many composers used a &#8216;prepared piano&#8217;, where they placed microphones near the strings, or pieces of metal that generated particular sounds resonating with the strings, the most recent technology offers many tools to manipulate that same sound, so well-known and unmistakable, and transform it into something quite different. Therefore it is possible for the piano to become a generator of percussive sounds, pads and drones, creating a sound palette that is reconciled with other sound sources becoming a cohesive and intriguing whole. The piano sounds manipulated by <strong>ANDREA BELLUCCI<\/strong>, are perfectly integrated with the atmospheres generated by <strong>CRISTIANO DEISON<\/strong>&#8216;s machines, creating &#8216;sonic landscapes&#8217; which complement each other. Not only melody then, where the piano can be considered &#8216;the instrument&#8217; par excellence, but also the search for atmospheres and environments that can involve the listener, perhaps giving unexpected emotions. <\/p>\n\n\n\n<p style=\"font-size:15px\"><br><\/p>\n<\/div>\n<\/div>\n\n\n\n<h4 class=\"wp-block-heading\"><strong>DEAD PIANO SU KATHODIK<\/strong><\/h4>\n\n\n\n<p>Il piano suonato e digitalmente alterato dallo spezzino&nbsp;<strong>Andrea Bellucci<\/strong>&nbsp;(meglio noto come&nbsp;<strong>Red Sector A<\/strong>) e i macchinari di&nbsp;<strong>Cris Deison<\/strong>&nbsp;ad integrarsi nel progetto collaborativo&nbsp;<strong>Dead Piano<\/strong>.<br>Un percorso lungo una trentina di minuti, dove lo strumento pianoforte, trattato come generatore di suoni, vien trasportato lungo espressive coordinate&nbsp;<strong>Eno<\/strong>&nbsp;(l&#8217;iniziale&nbsp;<em>Linear Cascade<\/em>).<br>Reso sfrigore di bruma in attrito con cielo e terra (<em>Talking Light<\/em>) tra leggeri scossoni e sbatacchiamenti.<br>Sublime spaziatura ambient\/dronante (<em>The Third Escape<\/em>) sottoposta a leggere pressioni che ne ammaccano impercettibilmente l&#8217;involucro.<br>Armonie e gocciolamenti di note in caduta da delay, field recordings gentili e digitalismi in sibilo cosmico distesi tutt&#8217;attorno come neve (<em>Onde Accordanti<\/em>).<br>Fluire, senza necessit\u00e0 di effetti speciali a distoglier l&#8217;attenzione, pulviscolo di puntina su vinile in circolo, potrebbe esser pur un fuoco nella sua casa\/camino (<em>Tonale Sostenuto&nbsp;<\/em>\/&nbsp;<em>The Place I Was<\/em>).<br>Raccoglimento, discrezione, senso delle proporzioni nel dosaggio.<br>La notte che non tiene pi\u00f9 la luce in arrivo e lenta cede il passo.<\/p>\n\n\n\n<p><a href=\"http:\/\/www.ondarock.it\/recensioni\/2018-deadpiano-deadpiano.htmhttp:\/\/www.kathodik.it\/modules.php?name=Reviews&amp;rop=showcontent&amp;id=7167\">(LINK)<\/a><\/p>\n\n\n\n<hr class=\"wp-block-separator\"\/>\n\n\n\n<h4 class=\"wp-block-heading\"><strong>DEAD PIANO SU ONDAROCK<\/strong><\/h4>\n\n\n\n<p>Cristiano Deison e Andrea Bellucci sono due artisti italiani che non dovrebbero aver bisogno di presentazioni. Ricordiamo soltanto che il primo si muove da pi\u00f9 di vent\u2019anni nel campo della musica elettronica, negli anni Novanta come membro dei Meathead e in seguito realizzando una miriade di lavori da solo o in collaborazione con artisti del calibro di Teho Teardo, Maurizio Bianchi, Mingle, Thurston Moore, Scanner ecc. Andrea Bellucci \u00e8 un altro veterano della scena elettronica italiana, conosciuto principalmente per il suo progetto Red Sector A che, da sonorit\u00e0 di stampo techno, breakbeats e Idm, si \u00e8 spostato in tempi recenti verso forme pi\u00f9 astratte e di carattere ambient. La nuova collaborazione vede i due lavorare attorno ai suoni di un pianoforte da cui ricavano sei composizioni tra drone music e ricerca elettroacustica. Delicati paesaggi sonori, melanconici e intimisti, prendono forme dalle manipolazioni del pianoforte ad opera di Bellucci, mentre le macchine di Deison lavarono sulle sfumature di un\u2019elettronica minimale, sospesa tra silenzio e rumore. \u00c8 proprio nei dettagli che l\u2019opera si fa apprezzare maggiormente, specie nel cupo finale di \u201cThe Place I Was\u201d. Brani come \u201cThe Third Escape\u201d e \u201cOnde accordanti\u201d ricordano un po\u2019 le atmosfere acquatiche e mnemoniche di \u201cTiliaventum\u201d, altra collaborazione di Deison (ma quella volta con Andrea Gastaldello) uscita nel 2017. \u201cDead Piano\u201d \u00e8 un lavoro che richiede molto attenzione per cogliere tutte le varie sfumature della ricerca sonora operata dal duo. Alla lunga, pu\u00f2 risultare un po\u2019 ripetitivo in certi passaggi e soluzioni. Pregevole ed evocativo l&#8217;artwork del cd digipak che esce in edizione limitata per St.An.Da.<\/p>\n\n\n\n<p><a href=\"http:\/\/www.ondarock.it\/recensioni\/2018-deadpiano-deadpiano.htm\">(LINK)<\/a><\/p>\n\n\n\n<hr class=\"wp-block-separator\"\/>\n\n\n\n<h4 class=\"wp-block-heading\"><strong>DEAD PIANO SU SOWHAT<\/strong><\/h4>\n\n\n\n<p>Decostruire per trovare una dimensione differente che faccia emergere tratti inesplorati di ci\u00f2 che \u00e8 pi\u00f9 che consolidato. Non un pianoforte che muore, piuttosto uno strumento che attraverso un processo di marcata manipolazione trova nuova linfa proiettandosi verso orizzonti inattesi. \u00c8 un\u2019intenzione precisa a muovere Andrea Bellucci e Cristiano Deison lungo i solchi di questa loro collaborazione, un\u2019idea chiara che ispira una ricerca volta ad affrancare un suono che rischia di divenire sterile ripetizione. Affidandosi alle pressoch\u00e9 infinite possibilit\u00e0 derivanti dall\u2019applicazione della tecnologia quale mezzo di trasfigurazione e ricomposizione delle armonie acustiche e implementando il risultato con l\u2019ausilio di ulteriori flussi sintetici che ne saturino il fluire sinuoso, i due artisti plasmano un\u2019affascinante esplorazione in sei atti imperniata appunto sull\u2019utilizzo del piano quale generatore di risonanze profondamente atmosferiche. Mantenendone solo in parte il portato melodico e amplificandone il tratto evocativo grazie all\u2019innesto prezioso di flebili modulazioni elettroniche, ci\u00f2 che viene originato \u00e8 una vaporosa sequenza di minuti paesaggi emozionali ricchi di dettagli e sfumature. Un notturno evanescente, intriso di sfuggente malinconia, che avvolge e conduce tra le pieghe di un immaginifico universo in cui nulla \u00e8 ci\u00f2 che sembra.<\/p>\n\n\n\n<p><a href=\"https:\/\/sowhatmusica.wordpress.com\/2018\/10\/24\/dead-piano-dead-piano\/\">(LINK)<\/a><\/p>\n\n\n\n<hr class=\"wp-block-separator\"\/>\n\n\n\n<h4 class=\"wp-block-heading\"><strong>DEAD PIANO ON VITAL WEEKLY<\/strong><\/h4>\n\n\n\n<p>It might very well the case that both the project name and the title of this album is Dead Piano, but I kept it to just one name. I am also not sure if this a one-off project or something that will go on for some time, but it is the musical collaboration between Andrea Bellucci on piano and effects and Cristiano Deison on tapes and electronics. The cover is very black and hard to read in this moment of twilight, but the moment is, on the other hand, the perfect time to listen to the music. It is slow and dark music in which the piano this time is not played by just touching the keys but also the strings and the body, the complete usage of the instrument and expand those tones with further addition of electronics. These create a fine set of drones and tones in which all those piano treatments calmly float around. The space in which this piano was located plays only occasionally a role, such as at the beginning of &#8216;Onde Accordanti&#8217;. The melodies played by the piano are rather sparse; the electronic treatment may sound like Brian Eno, but the piano is not always like that of Harold Budd. Belluci&#8217;s plays his notes way sparser, a chord here, some delay on it, much reverb and it all works very well. The crackles placed very sparsely add a further element of abstraction. The whole album lasts thirty-two minutes, and after repeated playing I haven&#8217;t figured out if I think that&#8217;s the right length or that I would have liked some more. A few times I thought &#8216;nah, this is enough as it clearly indicates what it is and what the concept is&#8217; but sinking back in another chair, picking up a book, followed by &#8216;hey why did it stop already&#8217;, made me think that it could have as easily been fifty minutes. Altogether this is a very consistent record and a true beauty of pastoral music.<\/p>\n\n\n\n<p><a href=\"http:\/\/www.vitalweekly.net\/1155.html\">(LINK)<\/a><\/p>\n\n\n\n<hr class=\"wp-block-separator\"\/>\n","protected":false},"excerpt":{"rendered":"<p>DEAD PIANO (CD, st.an.da., 2018) Dead Piano by Deison | Bellucci 01. Linear Cascade&nbsp;02. Talking Light&nbsp;03. The Third Escape&nbsp;04. Onde Accordanti&nbsp;05. Tonale Sostenuto&nbsp;06. The Place I was The idea of &#8220;DEAD PIANO&#8221; was born from the intention of using the sound of the piano in a different context, compared to what we are used to&hellip;&nbsp;<a href=\"https:\/\/www.deison.net\/index.php\/dead-piano\/\" rel=\"bookmark\">Leggi tutto &raquo;<span class=\"screen-reader-text\">Dead Piano<\/span><\/a><\/p>\n","protected":false},"author":2,"featured_media":0,"parent":0,"menu_order":0,"comment_status":"closed","ping_status":"closed","template":"","meta":{"neve_meta_sidebar":"","neve_meta_container":"","neve_meta_enable_content_width":"off","neve_meta_content_width":0,"neve_meta_title_alignment":"","neve_meta_author_avatar":"","neve_post_elements_order":"","neve_meta_disable_header":"","neve_meta_disable_footer":"","neve_meta_disable_title":"","_themeisle_gutenberg_block_has_review":false,"footnotes":""},"class_list":["post-361","page","type-page","status-publish","hentry"],"jetpack_sharing_enabled":true,"_links":{"self":[{"href":"https:\/\/www.deison.net\/index.php\/wp-json\/wp\/v2\/pages\/361","targetHints":{"allow":["GET"]}}],"collection":[{"href":"https:\/\/www.deison.net\/index.php\/wp-json\/wp\/v2\/pages"}],"about":[{"href":"https:\/\/www.deison.net\/index.php\/wp-json\/wp\/v2\/types\/page"}],"author":[{"embeddable":true,"href":"https:\/\/www.deison.net\/index.php\/wp-json\/wp\/v2\/users\/2"}],"replies":[{"embeddable":true,"href":"https:\/\/www.deison.net\/index.php\/wp-json\/wp\/v2\/comments?post=361"}],"version-history":[{"count":6,"href":"https:\/\/www.deison.net\/index.php\/wp-json\/wp\/v2\/pages\/361\/revisions"}],"predecessor-version":[{"id":631,"href":"https:\/\/www.deison.net\/index.php\/wp-json\/wp\/v2\/pages\/361\/revisions\/631"}],"wp:attachment":[{"href":"https:\/\/www.deison.net\/index.php\/wp-json\/wp\/v2\/media?parent=361"}],"curies":[{"name":"wp","href":"https:\/\/api.w.org\/{rel}","templated":true}]}}