{"id":142,"date":"2020-04-24T16:13:13","date_gmt":"2020-04-24T14:13:13","guid":{"rendered":"http:\/\/www.deison.net\/site\/?page_id=142"},"modified":"2021-06-07T13:22:17","modified_gmt":"2021-06-07T11:22:17","slug":"chimeratorium","status":"publish","type":"page","link":"https:\/\/www.deison.net\/index.php\/chimeratorium\/","title":{"rendered":"Chimeratorium"},"content":{"rendered":"\n<h2 class=\"has-text-align-right wp-block-heading\">DEISON\/JOHN DUNCAN<\/h2>\n\n\n\n<h4 class=\"has-text-align-right wp-block-heading\">(10\u201d, 13\/Silentes,2020)<\/h4>\n\n\n\n<div class=\"wp-block-columns alignwide is-layout-flex wp-container-core-columns-is-layout-9d6595d7 wp-block-columns-is-layout-flex\">\n<div class=\"wp-block-column is-layout-flow wp-block-column-is-layout-flow\">\n<div class=\"wp-block-image\"><figure class=\"alignleft size-large is-resized\"><img fetchpriority=\"high\" decoding=\"async\" src=\"http:\/\/www.deison.net\/wp-content\/uploads\/2020\/04\/Deison_Duncan_front-copia-1.png\" alt=\"\" class=\"wp-image-126\" width=\"512\" height=\"512\" srcset=\"https:\/\/www.deison.net\/wp-content\/uploads\/2020\/04\/Deison_Duncan_front-copia-1.png 283w, https:\/\/www.deison.net\/wp-content\/uploads\/2020\/04\/Deison_Duncan_front-copia-1-150x150.png 150w\" sizes=\"(max-width: 512px) 100vw, 512px\" \/><\/figure><\/div>\n\n\n\n<iframe style=\"border: 0; width: 100%; height: 120px;\" src=\"https:\/\/bandcamp.com\/EmbeddedPlayer\/album=1475644022\/size=large\/bgcol=ffffff\/linkcol=0687f5\/tracklist=false\/artwork=small\/transparent=true\/\" seamless=\"\"><a href=\"http:\/\/deison.bandcamp.com\/album\/chimeratorium\">Chimeratorium by Deison | John Duncan<\/a><\/iframe>\n\n\n\n<figure class=\"wp-block-image size-large\"><img decoding=\"async\" width=\"1024\" height=\"725\" src=\"http:\/\/www.deison.net\/wp-content\/uploads\/2020\/04\/0019371658_10-1024x725.jpg\" alt=\"\" class=\"wp-image-131\" srcset=\"https:\/\/www.deison.net\/wp-content\/uploads\/2020\/04\/0019371658_10-1024x725.jpg 1024w, https:\/\/www.deison.net\/wp-content\/uploads\/2020\/04\/0019371658_10-300x213.jpg 300w, https:\/\/www.deison.net\/wp-content\/uploads\/2020\/04\/0019371658_10-768x544.jpg 768w, https:\/\/www.deison.net\/wp-content\/uploads\/2020\/04\/0019371658_10.jpg 1200w\" sizes=\"(max-width: 1024px) 100vw, 1024px\" \/><\/figure>\n\n\n\n<figure class=\"wp-block-embed is-type-video is-provider-youtube wp-block-embed-youtube wp-embed-aspect-16-9 wp-has-aspect-ratio\"><div class=\"wp-block-embed__wrapper\">\n<div class=\"nv-iframe-embed\"><iframe title=\"DEISON | JOHN DUNCAN : PORTAL\" width=\"1200\" height=\"675\" src=\"https:\/\/www.youtube.com\/embed\/HrL_BN8hKNU?start=1&#038;feature=oembed\" frameborder=\"0\" allow=\"accelerometer; autoplay; clipboard-write; encrypted-media; gyroscope; picture-in-picture\" allowfullscreen><\/iframe><\/div>\n<\/div><\/figure>\n<\/div>\n\n\n\n<div class=\"wp-block-column is-layout-flow wp-block-column-is-layout-flow\">\n<p style=\"font-size:15px\">1.Deison &#8211; Theta Waves view<br>2.John Duncan &#8211; Everyone view<br>3.Deison &amp; John Duncan &#8211; Portal 04:11<br><\/p>\n\n\n\n<p class=\"has-text-align-justify\" style=\"font-size:15px\">\u201cChimeratorium\u201d is based on an audio dream Deison had, dreaming about a new piece together with John Duncan, they were in a large room, an old church sculpting frequencies repeatedly for hours; sounds and frequencies have been then recreated in the studio according to that particular event becoming long beautiful suites \u201cTheta Waves\u201d and \u201cPortal\u201d, a collaboration track by these two artists.<br>John Duncan, one of the most consistently confrontational, powerful, and compelling masters of experimentation of the last forty years here is also presenting also an unreleased track \u201cEveryone\u201d, an alternate mix of a track that will appear on the upcoming album called \u201cSoft Eyes\u201d, a project that came directly from experiences and inspirations during the &#8220;Red Sky tour&#8221; in Japan Duncan did with Eiko Ishibashi, Jim O\u2019Rourke and Joe Talia.<br><\/p>\n\n\n\n<p style=\"font-size:15px\"><strong><em>Theta waves<\/em><\/strong><br>Sounds recorded, processed and mixed by Deison at 1st Floor Studio, Varmo (Ud) in February,2020.<br><strong><em>Everyone<\/em><\/strong><br>Vocals: Francesco Cossu, Mattia Bonaf\u00e8, Elisa Mazzola, Yelena Mitrjushkina, Ivan Pjevcevic, Tullia Benedicta<br>Percussion: Francesco Cossu<br>Recorded by Francesco Cossu in Sicily, John Duncan at Pieve del Pino and Ivan Pjevcevic at Narcissos Gallery, Bologna.<br>Mixed by John Duncan at Pieve del Pino.<br><strong><em>Portal<\/em><\/strong><br>Recorded and mixed by Deison at 1st Floor Studio and John Duncan at Pieve del Pino.<br>Mastering by Ivan Pjevcevic for ShortStraw, Bologna.<\/p>\n\n\n\n<p style=\"font-size:15px\">released June 1, 2020.<\/p>\n<\/div>\n<\/div>\n\n\n\n<hr class=\"wp-block-separator\"\/>\n\n\n\n<h4 class=\"wp-block-heading\">CHIMERATORIUM SU ONDAROCK<\/h4>\n\n\n\n<p class=\"has-text-align-justify\">Un antico e ampio spazio liturgico in cui si espande, senza soluzione di continuit\u00e0, un\u2019interminabile sequenza di suoni e riverberi. Nasce dalla fertile attivit\u00e0 onirica di&nbsp;<a href=\"https:\/\/www.ondarock.it\/recensioni\/2019-deisonkknull-yugen.htm\" target=\"_blank\" rel=\"noreferrer noopener\">Cristiano Deison<\/a>&nbsp;\u201cChimeratorium\u201d, trasposizione nel mondo reale di un sogno sonoro che lo vedeva plasmare infinite traiettorie risonanti in compagnia di John Duncan. Seguendo le indicazioni del proprio inconscio, il musicista italiano ha coinvolto l\u2019eclettico artista americano nella realizzazione di una nuova opera composta da due contributi individuali e un terminale capitolo condiviso.<\/p>\n\n\n\n<p class=\"has-text-align-justify\">Sature frequenze sintetiche si sviluppano in lento e costante divenire generando una scia sonica pervasa da un sottile, crescente senso di inquietudine. \u00c8 un magma denso che si muove inesorabile, assumendo nella prima met\u00e0 del lavoro affidata alla solitaria strutturazione di Deison la forma di un lungo movimento intriso di oscura solennit\u00e0 (\u201cTheta Waves\u201d), per divenire algido soffio colmo di palpabile tensione nel suo conclusivo frangente scolpito a quattro mani (\u201cPortal\u201d).<\/p>\n\n\n\n<p class=\"has-text-align-justify\">Tra le due parti di questa visionaria deriva si incastra \u201cEveryone\u201d, enigmatica traccia firmata da Duncan che in diversa veste comparir\u00e0 nel suo prossimo disco intitolato \u201cSoft Eyes\u201d. Fedele all\u2019immaginario vorticoso e vivido del suo autore, la traccia costruisce un ammaliante intermezzo in cui si incontrano\/scontrano ruvide trame percussive ed evocative modulazioni vocali, affidate tra gli altri a Francesco Cossu e Tullia Benedicta, generando una convulsa danza rituale dal sapore ancestrale.<\/p>\n\n\n\n<p class=\"has-text-align-justify\">Breve nella sua durata ma intenso nella sua evoluzione, \u201cChimeratorium\u201d conferma ancora una volta il profondo valore delle sperimentazioni di due artisti proiettati verso orizzonti affini seguendo percorsi peculiari.<\/p>\n\n\n\n<p><a href=\"https:\/\/www.ondarock.it\/recensioni\/2020-deisonjohnduncan-chimeratorium.htm\" target=\"_blank\" rel=\"noreferrer noopener\">(LINK)<\/a><\/p>\n\n\n\n<hr class=\"wp-block-separator\"\/>\n\n\n\n<h4 class=\"wp-block-heading\">CHIMERATORIUM SU VER SACRUM<\/h4>\n\n\n\n<p class=\"has-text-align-justify\">Cristiano Deison vanta indubbiamente delle collaborazioni di prestigio in ambito di musica sperimentale. Da ricordare, in questo senso, il suo sodalizio con Thurston Moore dei Sonic Youth. Ora esce invece un disco in coppia con John Duncan, storico artista di avanguardia statunitense che peraltro vive a Bologna da diverso tempo. Duncan \u00e8 un musicista eclettico e a tutto tondo: si \u00e8 cimentato infatti con installazioni, musica, videoarte e film. La sua assomiglia pi\u00f9 una filosofia e ricorda alcuni storici esponenti delle avanguardie americane come John Cage dove quello che conta non \u00e8 tanto la musica quanto l\u2019idea. In molta arte di avanguardia spesso le idee prendono il sopravvento sulla forma e la frubilit\u00e0 viene meno. La proposta musicale di John Duncan si basa sulle registrazioni da radio a onde corte, field recording e voce. Deison invece si dedica a sperimentare con monotoni bordoni, loops e field recording e la sua proposta \u00e8 ben inquadrabile nella nicchia del dark ambient e dell\u2019elettronica. Ero curioso quindi di ascoltare questo disco (un 10\u2033 EP in vinile) intitolato&nbsp;<em>Chimeratorium<\/em>. Il lavoro \u00e8 basato su un sogno musicale di Deison in cui ha ascoltato della musica composta con lo stesso John Duncan. La prima traccia di Deison \u201cTheta Waves\u201d\u00e8 nel suo tipico stile immersivo in cui un lungo drone ipnotico ci porta in una dimensione quieta. Questa roba \u00e8 perfetta per staccare la spina e lasciarsi andare. Nel successivo \u201cEveryone\u201d troviamo invece protagonista John Duncan: si tratta di una performance in cui ascoltiamo delle voci accompagnate da percussioni: l\u2019effetto \u00e8 straniante e il brano appare un po\u2019 slegato rispetto al \u201cmood\u201d di \u201cTheta Waves\u201d. Tra l\u2019altro \u201cEveryone\u201d comparir\u00e0, in un\u2019altra versione, nell\u2019imminente album \u201cSoft Eyes\u201d, frutto di un progetto di John Duncan con Eiko Ishibashi, Jim O\u2019Rourke e Joe Talia. Nell\u2019ultima traccia \u201cPortal\u201d abbiamo modo di ascoltare i 2 artisti assieme: le ambientazioni sono sempre minimali ma, rispetto a \u201cTheta Waves\u201d, i suoni si fanno pi\u00f9 rumorosi e aspri. Per amanti della musica di ricerca a 360 gradi.<\/p>\n\n\n\n<p><a href=\"https:\/\/www.versacrum.com\/vs\/2020\/11\/deison-john-duncan-chimeratorium.html\" target=\"_blank\" rel=\"noreferrer noopener\">(LINK)<\/a><\/p>\n\n\n\n<hr class=\"wp-block-separator\"\/>\n\n\n\n<h4 class=\"wp-block-heading\">CHIMERATORIUM SU THE NEW NOISE<\/h4>\n\n\n\n<p class=\"has-text-align-justify\">Abbiamo gi\u00e0 parlato moltissimo di&nbsp;<a href=\"https:\/\/www.thenewnoise.it\/tag\/stefano-pilia\/\">Stefano Pilia<\/a>&nbsp;e&nbsp;<a href=\"https:\/\/www.thenewnoise.it\/tag\/deison\/\">Cristiano Deison<\/a>, molto meno di&nbsp;<a href=\"https:\/\/www.thenewnoise.it\/john-duncan-jim-orourke-yeah\/\">John Duncan<\/a>, un artista totale, attivo da un\u2019infinit\u00e0 di anni, che ha vissuto un pezzo della sua esistenza in Friuli prima e nei dintorni di Bologna poi, conosciuto dagli appassionati di musiche altre per il suo utilizzo della radio a onde corte come strumento.<\/p>\n\n\n\n<p class=\"has-text-align-justify\">Partiamo dalla collaborazione Deison\/Duncan, perch\u00e9 uscita nel 2020. I due si conoscono da molto tempo (Deison e Hybrida non potevano non organizzargli eventi intorno\u2026), ma Chimeratorium \u00e8 la prima cosa su cui hanno messo mano insieme. All\u2019inizio abbiamo \u201cDream Evolution\u201d, che \u00e8 a nome di Deison ed \u00e8 il suo classico dipanare pochi elementi quasi diafani, alla fine abbiamo \u201cPortal\u201d, costruita da entrambi, che \u00e8 quanto di pi\u00f9 inquietante ho ascoltato in lockdown: anche in questo caso vorrei sottolineare come l\u2019effetto sia ottenuto con apparentemente pochissimo materiale. A firma del solo Duncan c\u2019\u00e8 una versione alternativa di \u201cEveryone\u201d, un pezzo di Soft Eyes, uscito quest\u2019anno per iDEAL, un disco solista (con ospiti) dell\u2019americano \u201canche di canzoni\u201d, con soluzioni ritmiche efficacissime e coinvolgenti, per quanto nient\u2019affatto scontate, e atmosfere stranianti, come prevedibile da uno che \u00e8 stato per etichette come Touch o Trente Oiseaux, per tacere delle sue collaborazioni. Non si \u00e8 scritto molto di quest\u2019album: qualcuno ha ovviamente tirato fuori Scott Walker (voce particolare\/intrigante\/suadente pi\u00f9 musica \u201csperimentale\u201d), ma allora io metto sul tavolo i Coil di Musick To Play In The Dark (voce particolare\/intrigante\/suadente, milieu elettronico\/sperimentale, ritmiche non lineari\u2026) e a quel punto facciamo valere tutto.<\/p>\n\n\n\n<p><a href=\"https:\/\/www.thenewnoise.it\/john-duncan-deison-e-john-duncan-pilia-e-john-duncan\/?fbclid=IwAR1BihByVkQ6h132wgRq0_XTAbXGzeUu1HUNSuoJJpTKd23xwjVfh28xtPI\" target=\"_blank\" rel=\"noreferrer noopener\">LINK<\/a><\/p>\n\n\n\n<hr class=\"wp-block-separator\"\/>\n\n\n\n<h4 class=\"wp-block-heading\">CHIMERATORIUM SU RUMORE<\/h4>\n\n\n\n<div class=\"wp-block-image\"><figure class=\"aligncenter size-large\"><img decoding=\"async\" width=\"739\" height=\"1024\" src=\"https:\/\/www.deison.net\/wp-content\/uploads\/2020\/06\/Chimeratorium_Rumore-739x1024.jpg\" alt=\"\" class=\"wp-image-816\"\/><\/figure><\/div>\n\n\n\n<hr class=\"wp-block-separator\"\/>\n","protected":false},"excerpt":{"rendered":"<p>DEISON\/JOHN DUNCAN (10\u201d, 13\/Silentes,2020) Chimeratorium by Deison | John Duncan 1.Deison &#8211; Theta Waves view2.John Duncan &#8211; Everyone view3.Deison &amp; John Duncan &#8211; Portal 04:11 \u201cChimeratorium\u201d is based on an audio dream Deison had, dreaming about a new piece together with John Duncan, they were in a large room, an old church sculpting frequencies repeatedly&hellip;&nbsp;<a href=\"https:\/\/www.deison.net\/index.php\/chimeratorium\/\" rel=\"bookmark\">Leggi tutto &raquo;<span class=\"screen-reader-text\">Chimeratorium<\/span><\/a><\/p>\n","protected":false},"author":2,"featured_media":0,"parent":0,"menu_order":0,"comment_status":"closed","ping_status":"closed","template":"","meta":{"neve_meta_sidebar":"","neve_meta_container":"","neve_meta_enable_content_width":"off","neve_meta_content_width":0,"neve_meta_title_alignment":"","neve_meta_author_avatar":"","neve_post_elements_order":"","neve_meta_disable_header":"","neve_meta_disable_footer":"","neve_meta_disable_title":"","_themeisle_gutenberg_block_has_review":false,"footnotes":""},"class_list":["post-142","page","type-page","status-publish","hentry"],"jetpack_sharing_enabled":true,"_links":{"self":[{"href":"https:\/\/www.deison.net\/index.php\/wp-json\/wp\/v2\/pages\/142","targetHints":{"allow":["GET"]}}],"collection":[{"href":"https:\/\/www.deison.net\/index.php\/wp-json\/wp\/v2\/pages"}],"about":[{"href":"https:\/\/www.deison.net\/index.php\/wp-json\/wp\/v2\/types\/page"}],"author":[{"embeddable":true,"href":"https:\/\/www.deison.net\/index.php\/wp-json\/wp\/v2\/users\/2"}],"replies":[{"embeddable":true,"href":"https:\/\/www.deison.net\/index.php\/wp-json\/wp\/v2\/comments?post=142"}],"version-history":[{"count":13,"href":"https:\/\/www.deison.net\/index.php\/wp-json\/wp\/v2\/pages\/142\/revisions"}],"predecessor-version":[{"id":1008,"href":"https:\/\/www.deison.net\/index.php\/wp-json\/wp\/v2\/pages\/142\/revisions\/1008"}],"wp:attachment":[{"href":"https:\/\/www.deison.net\/index.php\/wp-json\/wp\/v2\/media?parent=142"}],"curies":[{"name":"wp","href":"https:\/\/api.w.org\/{rel}","templated":true}]}}